{"id":96,"date":"2020-01-12T15:42:07","date_gmt":"2020-01-12T14:42:07","guid":{"rendered":"http:\/\/192.168.1.34\/wordpress\/?page_id=96"},"modified":"2024-09-25T11:06:20","modified_gmt":"2024-09-25T09:06:20","slug":"les-fonctions-dofficier-detat-civil","status":"publish","type":"page","link":"https:\/\/montreuilsloir.fr\/index.php\/les-fonctions-dofficier-detat-civil\/","title":{"rendered":"Les fonctions d&rsquo;officier d&rsquo;\u00e9tat civil"},"content":{"rendered":"\n<h2 class=\"wp-block-heading\">\nLes fonctions d\u2019officier d&rsquo;\u00e9tat civil<\/h2>\n\n\n\n<p>Un officier d\u2019\u00e9tat civil est la personne charg\u00e9e de porter sur le registre d&rsquo;\u00e9tat civil les \u00e9v\u00e9nements pr\u00e9vus par la loi.<\/p>\n\n\n\n<p>Les officiers d&rsquo;\u00e9tat civil sont essentiellement les maires et leurs adjoints.<\/p>\n\n\n\n<p>Les maires peuvent\nd\u00e9l\u00e9guer une partie de leurs attributions \u00e0 des agents communaux.<\/p>\n\n\n\n<p>Les officiers d&rsquo;\u00e9tat\ncivil sont l\u00e9galement charg\u00e9s, notamment :<\/p>\n\n\n\n<ul class=\"wp-block-list\">\n<li>de recevoir l&rsquo;acte de naissance d&rsquo;un nouveau-n\u00e9, et, le cas \u00e9ch\u00e9ant, d&rsquo;engager une proc\u00e9dure contestant le choix des pr\u00e9noms effectu\u00e9 par les parents ; <\/li>\n\n\n\n<li>de recevoir les reconnaissances d&rsquo;enfants et d&rsquo;en dresser acte ; <\/li>\n\n\n\n<li>de c\u00e9l\u00e9brer les mariages et d&rsquo;en dresser acte apr\u00e8s s&rsquo;\u00eatre assur\u00e9 de la volont\u00e9 matrimoniale des futurs \u00e9poux, et avoir fait proc\u00e9der \u00e0 la publication des bans ; <\/li>\n\n\n\n<li>de r\u00e9diger l&rsquo;acte de d\u00e9c\u00e8s des d\u00e9funts ; <\/li>\n\n\n\n<li>de tenir les registres d&rsquo;\u00e9tat civil, c&rsquo;est-\u00e0-dire d&rsquo;inscrire les actes qu&rsquo;il a re\u00e7us, de transcrire les actes \u00e9tablis par d&rsquo;autres officiers d&rsquo;\u00e9tat civil et le dispositif de certains jugements, et d&rsquo;apposer les mentions en marge des actes de l&rsquo;\u00e9tat civil (mentions marginales) ; <\/li>\n\n\n\n<li>de d\u00e9livrer des copies ou extraits des actes de l&rsquo;\u00e9tat civil d\u00e9tenus dans les registres aux personnes qui ont le droit de les obtenir ; <\/li>\n\n\n\n<li>par la loi du 18 novembre 2016 portant sur le changement, l&rsquo;interversion ou adjonction de pr\u00e9noms, les officiers d&rsquo;\u00e9tat civil ont la capacit\u00e9 d&rsquo;instruire les demandes de changements et modifient les actes de naissance. <\/li>\n<\/ul>\n\n\n\n<p><\/p>\n","protected":false},"excerpt":{"rendered":"<p>Les fonctions d\u2019officier d&rsquo;\u00e9tat civil Un officier d\u2019\u00e9tat civil est la personne charg\u00e9e de porter sur le registre d&rsquo;\u00e9tat civil les \u00e9v\u00e9nements pr\u00e9vus par la loi. Les officiers d&rsquo;\u00e9tat civil <a class=\"more-link\" href=\"https:\/\/montreuilsloir.fr\/index.php\/les-fonctions-dofficier-detat-civil\/\">Lire plus &#8230;<\/a><\/p>\n","protected":false},"author":3,"featured_media":0,"parent":0,"menu_order":0,"comment_status":"closed","ping_status":"closed","template":"","meta":{"footnotes":""},"class_list":["post-96","page","type-page","status-publish","hentry"],"_links":{"self":[{"href":"https:\/\/montreuilsloir.fr\/index.php\/wp-json\/wp\/v2\/pages\/96","targetHints":{"allow":["GET"]}}],"collection":[{"href":"https:\/\/montreuilsloir.fr\/index.php\/wp-json\/wp\/v2\/pages"}],"about":[{"href":"https:\/\/montreuilsloir.fr\/index.php\/wp-json\/wp\/v2\/types\/page"}],"author":[{"embeddable":true,"href":"https:\/\/montreuilsloir.fr\/index.php\/wp-json\/wp\/v2\/users\/3"}],"replies":[{"embeddable":true,"href":"https:\/\/montreuilsloir.fr\/index.php\/wp-json\/wp\/v2\/comments?post=96"}],"version-history":[{"count":2,"href":"https:\/\/montreuilsloir.fr\/index.php\/wp-json\/wp\/v2\/pages\/96\/revisions"}],"predecessor-version":[{"id":3807,"href":"https:\/\/montreuilsloir.fr\/index.php\/wp-json\/wp\/v2\/pages\/96\/revisions\/3807"}],"wp:attachment":[{"href":"https:\/\/montreuilsloir.fr\/index.php\/wp-json\/wp\/v2\/media?parent=96"}],"curies":[{"name":"wp","href":"https:\/\/api.w.org\/{rel}","templated":true}]}}