{"id":955,"date":"2020-04-09T12:29:24","date_gmt":"2020-04-09T10:29:24","guid":{"rendered":"http:\/\/montreuilsloir.fr\/?page_id=955"},"modified":"2020-04-14T18:47:35","modified_gmt":"2020-04-14T16:47:35","slug":"initiatives-locales-covid-19","status":"publish","type":"page","link":"https:\/\/montreuilsloir.fr\/index.php\/initiatives-locales-covid-19\/","title":{"rendered":"Initiatives locales : COVID 19"},"content":{"rendered":"\n<p>Dans le cadre de la crise sanitaire actuelle, les monsteriolaises et  monst\u00e9riolais font preuve d&rsquo;initiatives int\u00e9ressantes afin de faciliter la vie de la collectivit\u00e9.<\/p>\n\n\n\n<p>Cet espace leur est d\u00e9di\u00e9 afin de pr\u00e9senter leurs projets ou de demander de l&rsquo;appui sur les difficult\u00e9s auxquelles ils peuvent \u00eatre confront\u00e9s.<\/p>\n\n\n\n<p>Ainsi, Marie-Laurence Gautron a commenc\u00e9 la r\u00e9alisation de masques \u00ab\u00a0alternatifs\u00a0\u00bb en tissu mais les fournitures lui font d\u00e9faut.<\/p>\n\n\n\n<p>Si vous disposez d\u2019\u00e9lastiques de 5 ou 7 millim\u00e8tres de large, de fils de couleurs vari\u00e9es et de tissu, la transmission des ces mat\u00e9riels lui permettra de poursuivre la production des masques de protection qu\u2019elle peut mettre \u00e0 disposition des habitants.<\/p>\n\n\n\n<p>Vous pouvez soumettre vos initiatives ou demandes en envoyant un courriel \u00e0 <a rel=\"noreferrer noopener\" aria-label=\" (s\u2019ouvre dans un nouvel onglet)\" href=\"mailto:contact@montreuilsloir.fr\" target=\"_blank\">contact@montreuilsloir.fr<\/a> ou en laissant un commentaire sur cette page en utilisant sur la fonction ci-dessous.<\/p>\n\n\n\n<p><em>Nota : Vos commentaires seront visibles apr\u00e8s leur validation par les administrateurs du site.<\/em><\/p>\n","protected":false},"excerpt":{"rendered":"<p>Dans le cadre de la crise sanitaire actuelle, les monsteriolaises et monst\u00e9riolais font preuve d&rsquo;initiatives int\u00e9ressantes afin de faciliter la vie de la collectivit\u00e9. Cet espace leur est d\u00e9di\u00e9 afin <a class=\"more-link\" href=\"https:\/\/montreuilsloir.fr\/index.php\/initiatives-locales-covid-19\/\">Lire plus &#8230;<\/a><\/p>\n","protected":false},"author":3,"featured_media":958,"parent":0,"menu_order":0,"comment_status":"open","ping_status":"closed","template":"","meta":{"footnotes":""},"class_list":["post-955","page","type-page","status-publish","has-post-thumbnail","hentry"],"_links":{"self":[{"href":"https:\/\/montreuilsloir.fr\/index.php\/wp-json\/wp\/v2\/pages\/955","targetHints":{"allow":["GET"]}}],"collection":[{"href":"https:\/\/montreuilsloir.fr\/index.php\/wp-json\/wp\/v2\/pages"}],"about":[{"href":"https:\/\/montreuilsloir.fr\/index.php\/wp-json\/wp\/v2\/types\/page"}],"author":[{"embeddable":true,"href":"https:\/\/montreuilsloir.fr\/index.php\/wp-json\/wp\/v2\/users\/3"}],"replies":[{"embeddable":true,"href":"https:\/\/montreuilsloir.fr\/index.php\/wp-json\/wp\/v2\/comments?post=955"}],"version-history":[{"count":6,"href":"https:\/\/montreuilsloir.fr\/index.php\/wp-json\/wp\/v2\/pages\/955\/revisions"}],"predecessor-version":[{"id":1049,"href":"https:\/\/montreuilsloir.fr\/index.php\/wp-json\/wp\/v2\/pages\/955\/revisions\/1049"}],"wp:featuredmedia":[{"embeddable":true,"href":"https:\/\/montreuilsloir.fr\/index.php\/wp-json\/wp\/v2\/media\/958"}],"wp:attachment":[{"href":"https:\/\/montreuilsloir.fr\/index.php\/wp-json\/wp\/v2\/media?parent=955"}],"curies":[{"name":"wp","href":"https:\/\/api.w.org\/{rel}","templated":true}]}}