{"id":860,"date":"2020-04-08T13:06:58","date_gmt":"2020-04-08T11:06:58","guid":{"rendered":"http:\/\/montreuilsloir.fr\/?page_id=860"},"modified":"2020-04-10T13:24:29","modified_gmt":"2020-04-10T11:24:29","slug":"montreuil-sur-loir-3","status":"publish","type":"page","link":"https:\/\/montreuilsloir.fr\/index.php\/montreuil-sur-loir-3\/","title":{"rendered":"Un espace naturel"},"content":{"rendered":"\n<p>Le Loir constitue un espace naturel particuli\u00e8rement riche :<\/p>\n\n\n\n<ul class=\"wp-block-list\"><li> Mammif\u00e8res  : castor, ragondin <\/li><\/ul>\n\n\n\n<ul class=\"wp-block-list\"><li>Poissons  : Brochet, sandre<\/li><\/ul>\n\n\n\n<ul class=\"wp-block-list\"><li>Oiseaux : Canard colvert, h\u00e9ron cendr\u00e9, martin p\u00eacheur<\/li><\/ul>\n\n\n\n<div class=\"wp-block-media-text alignwide\"><figure class=\"wp-block-media-text__media\"><img loading=\"lazy\" decoding=\"async\" width=\"720\" height=\"960\" src=\"https:\/\/montreuilsloir.fr\/wp-content\/uploads\/2020\/04\/FB_IMG_1586513019204.jpg\" alt=\"\" class=\"wp-image-991\" srcset=\"https:\/\/montreuilsloir.fr\/wp-content\/uploads\/2020\/04\/FB_IMG_1586513019204.jpg 720w, https:\/\/montreuilsloir.fr\/wp-content\/uploads\/2020\/04\/FB_IMG_1586513019204-600x800.jpg 600w, https:\/\/montreuilsloir.fr\/wp-content\/uploads\/2020\/04\/FB_IMG_1586513019204-225x300.jpg 225w\" sizes=\"auto, (max-width: 720px) 100vw, 720px\" \/><\/figure><div class=\"wp-block-media-text__content\">\n<p>Une salamandre \u00ab\u00a0monst\u00e9riolaise\u00a0\u00bb<\/p>\n<\/div><\/div>\n\n\n\n<p>En bordure de commune, le Loir comprend plusieurs boires. <\/p>\n\n\n\n<p>Une boire est un nom commun r\u00e9gional lig\u00e9rien utilis\u00e9 notamment en Maine-et-Loire. Ce mot encore prononc\u00e9 et m\u00eame \u00e9crit <strong>\u00ab&nbsp;bou\u00e8re&nbsp;\u00bb<\/strong> (prononciation en ancien fran\u00e7ais notamment en patois angevin et gallo) d\u00e9signe localement un bras mort du loir, souvent ensabl\u00e9 ou envas\u00e9, remis en eau l&rsquo;hiver au moment d&rsquo;une crue.<\/p>\n\n\n\n<p>Les barques et cano\u00e9s sont un excellent moyen pour d\u00e9couvrir ces espaces naturels&#8230; dans le respect des r\u00e8gles de pr\u00e9servation de l&rsquo;environnement.<\/p>\n","protected":false},"excerpt":{"rendered":"<p>Le Loir constitue un espace naturel particuli\u00e8rement riche : Mammif\u00e8res : castor, ragondin Poissons : Brochet, sandre Oiseaux : Canard colvert, h\u00e9ron cendr\u00e9, martin p\u00eacheur Une salamandre \u00ab\u00a0monst\u00e9riolaise\u00a0\u00bb En bordure <a class=\"more-link\" href=\"https:\/\/montreuilsloir.fr\/index.php\/montreuil-sur-loir-3\/\">Lire plus &#8230;<\/a><\/p>\n","protected":false},"author":2,"featured_media":872,"parent":0,"menu_order":0,"comment_status":"closed","ping_status":"closed","template":"","meta":{"footnotes":""},"class_list":["post-860","page","type-page","status-publish","has-post-thumbnail","hentry"],"_links":{"self":[{"href":"https:\/\/montreuilsloir.fr\/index.php\/wp-json\/wp\/v2\/pages\/860","targetHints":{"allow":["GET"]}}],"collection":[{"href":"https:\/\/montreuilsloir.fr\/index.php\/wp-json\/wp\/v2\/pages"}],"about":[{"href":"https:\/\/montreuilsloir.fr\/index.php\/wp-json\/wp\/v2\/types\/page"}],"author":[{"embeddable":true,"href":"https:\/\/montreuilsloir.fr\/index.php\/wp-json\/wp\/v2\/users\/2"}],"replies":[{"embeddable":true,"href":"https:\/\/montreuilsloir.fr\/index.php\/wp-json\/wp\/v2\/comments?post=860"}],"version-history":[{"count":7,"href":"https:\/\/montreuilsloir.fr\/index.php\/wp-json\/wp\/v2\/pages\/860\/revisions"}],"predecessor-version":[{"id":1000,"href":"https:\/\/montreuilsloir.fr\/index.php\/wp-json\/wp\/v2\/pages\/860\/revisions\/1000"}],"wp:featuredmedia":[{"embeddable":true,"href":"https:\/\/montreuilsloir.fr\/index.php\/wp-json\/wp\/v2\/media\/872"}],"wp:attachment":[{"href":"https:\/\/montreuilsloir.fr\/index.php\/wp-json\/wp\/v2\/media?parent=860"}],"curies":[{"name":"wp","href":"https:\/\/api.w.org\/{rel}","templated":true}]}}