{"id":80,"date":"2020-01-12T15:34:00","date_gmt":"2020-01-12T14:34:00","guid":{"rendered":"http:\/\/192.168.1.34\/wordpress\/?page_id=79"},"modified":"2023-01-11T11:14:37","modified_gmt":"2023-01-11T10:14:37","slug":"laccompagnement-des-monsteriolais","status":"publish","type":"page","link":"https:\/\/montreuilsloir.fr\/index.php\/laccompagnement-des-monsteriolais\/","title":{"rendered":"Informations pratiques"},"content":{"rendered":"\n<p><\/p>\n\n\n\n<h2 class=\"wp-block-heading\">Le jardin partag\u00e9<\/h2>\n\n\n\n<p>Un jardin partag\u00e9, accessible sur le c\u00f4t\u00e9 de la biblioth\u00e8que, est ouvert \u00e0 tous les habitants.<\/p>\n\n\n\n<p><\/p>\n","protected":false},"excerpt":{"rendered":"<p>Le jardin partag\u00e9 Un jardin partag\u00e9, accessible sur le c\u00f4t\u00e9 de la biblioth\u00e8que, est ouvert \u00e0 tous les habitants.<\/p>\n","protected":false},"author":3,"featured_media":838,"parent":0,"menu_order":0,"comment_status":"closed","ping_status":"closed","template":"","meta":{"footnotes":""},"class_list":["post-80","page","type-page","status-publish","has-post-thumbnail","hentry"],"_links":{"self":[{"href":"https:\/\/montreuilsloir.fr\/index.php\/wp-json\/wp\/v2\/pages\/80","targetHints":{"allow":["GET"]}}],"collection":[{"href":"https:\/\/montreuilsloir.fr\/index.php\/wp-json\/wp\/v2\/pages"}],"about":[{"href":"https:\/\/montreuilsloir.fr\/index.php\/wp-json\/wp\/v2\/types\/page"}],"author":[{"embeddable":true,"href":"https:\/\/montreuilsloir.fr\/index.php\/wp-json\/wp\/v2\/users\/3"}],"replies":[{"embeddable":true,"href":"https:\/\/montreuilsloir.fr\/index.php\/wp-json\/wp\/v2\/comments?post=80"}],"version-history":[{"count":26,"href":"https:\/\/montreuilsloir.fr\/index.php\/wp-json\/wp\/v2\/pages\/80\/revisions"}],"predecessor-version":[{"id":3201,"href":"https:\/\/montreuilsloir.fr\/index.php\/wp-json\/wp\/v2\/pages\/80\/revisions\/3201"}],"wp:featuredmedia":[{"embeddable":true,"href":"https:\/\/montreuilsloir.fr\/index.php\/wp-json\/wp\/v2\/media\/838"}],"wp:attachment":[{"href":"https:\/\/montreuilsloir.fr\/index.php\/wp-json\/wp\/v2\/media?parent=80"}],"curies":[{"name":"wp","href":"https:\/\/api.w.org\/{rel}","templated":true}]}}