{"id":78,"date":"2020-01-12T15:34:00","date_gmt":"2020-01-12T14:34:00","guid":{"rendered":"http:\/\/192.168.1.34\/wordpress\/?page_id=77"},"modified":"2020-06-01T18:54:12","modified_gmt":"2020-06-01T16:54:12","slug":"la-societe-de-la-boule-de-fort","status":"publish","type":"page","link":"https:\/\/montreuilsloir.fr\/index.php\/la-societe-de-la-boule-de-fort\/","title":{"rendered":"La soci\u00e9t\u00e9 de la Boule de Fort"},"content":{"rendered":"\n<p>Pour suivre l\u2019actualit\u00e9 de la boule de fort, <a rel=\"noreferrer noopener\" href=\"https:\/\/fedebouledefort.fr\/\" target=\"_blank\">cliquez sur ce lien<\/a>.<\/p>\n\n\n\n<p>La <strong>boule de fort<\/strong> est un jeu de  boule traditionnel en Val de Loire et aux fronti\u00e8res de cette r\u00e9gion. La  boule utilis\u00e9e a son centre de gravit\u00e9 l\u00e9g\u00e8rement d\u00e9cal\u00e9 (c\u00f4t\u00e9 fort)  par rapport \u00e0 la bande de roulement (cercle de m\u00e9tal), ce qui a pour  cons\u00e9quence qu&rsquo;elle ne suit jamais une trajectoire rectiligne, tandis  que le terrain aux bords relev\u00e9s, extr\u00eamement \u00ab\u00a0roulant\u00a0\u00bb, la fait en  outre lentement zigzaguer.<\/p>\n\n\n\n<p>La boule de fort est class\u00e9e comme jeu traditionnel des Pays de la Loire dans l&rsquo;Inventaire du patrimoine immat\u00e9riel fran\u00e7ais.<\/p>\n\n\n\n<figure class=\"wp-block-image\"><img loading=\"lazy\" decoding=\"async\" width=\"1024\" height=\"576\" src=\"https:\/\/montreuilsloir.fr\/wp-content\/uploads\/2020\/04\/IMG_20191214_183559-1024x576.jpg\" alt=\"\" class=\"wp-image-569\" srcset=\"https:\/\/montreuilsloir.fr\/wp-content\/uploads\/2020\/04\/IMG_20191214_183559-1024x576.jpg 1024w, https:\/\/montreuilsloir.fr\/wp-content\/uploads\/2020\/04\/IMG_20191214_183559-600x337.jpg 600w, https:\/\/montreuilsloir.fr\/wp-content\/uploads\/2020\/04\/IMG_20191214_183559-300x169.jpg 300w, https:\/\/montreuilsloir.fr\/wp-content\/uploads\/2020\/04\/IMG_20191214_183559-768x432.jpg 768w, https:\/\/montreuilsloir.fr\/wp-content\/uploads\/2020\/04\/IMG_20191214_183559-1568x881.jpg 1568w, https:\/\/montreuilsloir.fr\/wp-content\/uploads\/2020\/04\/IMG_20191214_183559-1320x742.jpg 1320w\" sizes=\"auto, (max-width: 1024px) 100vw, 1024px\" \/><figcaption>La boule de fort<\/figcaption><\/figure>\n\n\n\n<p><strong>Historique<\/strong><br>&nbsp; <br>L&rsquo;origine  de ce sport est mal connue. Selon la version la plus r\u00e9pandue, des  mariniers de la Loire auraient pris l&rsquo;habitude de jouer au fond de leurs  embarcations. Cette th\u00e9orie est jug\u00e9e peu cr\u00e9dible du fait que les  gabares, les grands bateaux de la Loire, sont beaucoup plus courts que  le jeu et sont parcourus de membrures, avec un m\u00e2t plant\u00e9 au milieu du  navire. Une autre croyance fait remonter le jeu \u00e0 Louis XV (ou au  Premier Empire, selon les versions), des prisonniers espagnols auraient  eu alors l&rsquo;id\u00e9e de jouer avec des boulets au cours de la construction de  la lev\u00e9e de la Loire (en r\u00e9alit\u00e9 celle-ci a \u00e9t\u00e9 construite par Henri II  Plantagen\u00eat \u00e0 partir de 1170). Cette croyance est reprise en parlant  de prisonniers de Jeanne de Laval.<\/p>\n\n\n\n<p>La plus ancienne r\u00e9f\u00e9rence connue d&rsquo;un\n jeu de boule date de 1660 avec la mention dans la r\u00e9gion angevine d&rsquo;un \njeu de paume poss\u00e9dant des jardins \u00ab&nbsp;dans l\u2019un desquels jardins est un \njeu de boule couvert d\u2019ardoise, et un petit logement basty sous \ncomble&nbsp;\u00bb. Antoine Furetiere, dans un texte datant de 1691 cit\u00e9 par Emile\n Joulain, fait r\u00e9f\u00e9rence \u00e0 plusieurs reprises \u00e0 la boule de fort, \nexpliquant notamment que \u00ab&nbsp;le fort de la boule est l\u2019endroit o\u00f9 le bois \nest le plus serr\u00e9 et, par cons\u00e9quent, le plus lourd.&nbsp;\u00bb<\/p>\n\n\n\n<p>La passion de la boule est ancienne en\n Anjou. Au XVIIIe&nbsp;si\u00e8cle et au XIXe&nbsp;si\u00e8cle, les \u00ab&nbsp;soci\u00e9t\u00e9s&nbsp;\u00bb o\u00f9 l&rsquo;on \njoue \u00e0 la boule de fort sont tr\u00e8s r\u00e9pandues. \u00c9galement de fa\u00e7on \nmarginale en Indre-et-Loire, dans sa partie ouest autrefois angevine.<\/p>\n\n\n\n<p>Ce jeu \u00e9tait essentiellement pratiqu\u00e9  par des hommes. La femme n&rsquo;\u00e9tant pr\u00e9sente que par des repr\u00e9sentations,  le plus souvent suggestives. \u00c0 Saumur, en 1871, \u00ab&nbsp;les m\u00e8res, \u00e9pouses,  filles, brus, s\u0153ur, et belle s\u0153ur seront admises a la promenade dans  l&rsquo;all\u00e9e du grand jardin, et a se placer autour du jeu de boule, mais  elles ne seront admises \u00e0 aucun jeu (\u2026). En aucun cas il ne devra \u00eatre  question de nos dames&nbsp;\u00bb. Si, depuis les ann\u00e9es 1970, certaines soci\u00e9t\u00e9s  de jeu de boule de fort acceptent dor\u00e9navant les femmes (il existe m\u00eame  des challenges mixtes), celles-ci sont encore peu pr\u00e9sentes dans cet  univers masculin.<\/p>\n\n\n\n<p><strong>Aire g\u00e9ographique<\/strong><br> &nbsp;<br>Aire g\u00e9ographique de la boule de fort, correspondant \u00e0 l&rsquo;ancienne province d&rsquo;Anjou.<br>La  boule de fort est un jeu tr\u00e8s localis\u00e9, qui se pratique essentiellement  dans l&rsquo;Anjou et l&rsquo;ouest de l&rsquo;Indre-et-Loire. Ses 384&nbsp;soci\u00e9t\u00e9s, fortes  de 25&nbsp;000&nbsp;soci\u00e9taires appel\u00e9es \u00ab\u00a0soci\u00e9t\u00e9s\u00a0\u00bb ou \u00ab\u00a0cercles\u00a0\u00bb, se r\u00e9partissent  ainsi dans les d\u00e9partements du Maine-et-Loire (312&nbsp;soci\u00e9t\u00e9s en 2004),  l&rsquo;ouest de l&rsquo;Indre-et-Loire (36&nbsp;soci\u00e9t\u00e9s et 3&nbsp;000&nbsp;soci\u00e9taires), le sud  de la Sarthe, ainsi que dans la Mayenne angevine et quelques villages \u00e0  l&rsquo;est de la Loire-Atlantique, sans oublier Saint-Nazaire et dans le  Loir-et-Cher \u00e0 Blois.<\/p>\n\n\n\n<p>Un jeu semblable, le boulingrin ou \nLawn Bowl, est pratiqu\u00e9 r\u00e9guli\u00e8rement, en Angleterre dans la r\u00e9gion de \nBasingstoke au sein de soci\u00e9t\u00e9s organis\u00e9es comptant plusieurs dizaines \nd&rsquo;adh\u00e9rents, sur terrain sol plat engazonn\u00e9 en \u00e9t\u00e9, et terrain couvert \nsol plat imitation gazon en hiver.<\/p>\n\n\n\n<p><strong>R\u00e8gles du jeu<\/strong><br><br>La\n boule de fort est un jeu qui consiste \u00e0 lancer des boules pour \ns&rsquo;approcher le plus possible d&rsquo;un cochonnet appel\u00e9 ma\u00eetre ou petit \n(d&rsquo;une taille comprise entre 80 et 90&nbsp;mm) afin de marquer des points. La\n difficult\u00e9 provient du fait qu&rsquo;un c\u00f4t\u00e9 de la boule est plus lourd (plus\n \u00ab&nbsp;fort&nbsp;\u00bb) qui les entra\u00eene dans sa direction, et que les bords de la \npiste ressemblent \u00e0 une section de goutti\u00e8re (cf. mat\u00e9riel). Les boules \npeuvent mettre plus d&rsquo;une minute pour atteindre leur destination d&rsquo;o\u00f9 \ndes parties tr\u00e8s longues, jusqu&rsquo;\u00e0 trois heures.<\/p>\n\n\n\n<p>Une partie se joue g\u00e9n\u00e9ralement entre \n\u00e9quipes de 2 ou 3&nbsp;joueurs disposant de 2&nbsp;boules chacun. Quelquefois les \nparties se jouent \u00e0 1 contre 1 avec 3&nbsp;boules par joueur et m\u00eame parfois \u00e0\n 4 contre 4 avec 1 boule chacun. L\u2019\u00e9quipe gagnante est celle qui a \nmarqu\u00e9 10&nbsp;points la premi\u00e8re. Dans une comp\u00e9tition, la finale se joue en\n 12&nbsp;points.<\/p>\n\n\n\n<p><strong>Mat\u00e9riel<\/strong><br>Les particularit\u00e9s de ce sport de boules sont principalement&nbsp;:<\/p>\n\n\n\n<p>une boule d&rsquo;un peu moins de  13&nbsp;centim\u00e8tres de diam\u00e8tre, m\u00e9plate, en bois dur (buis, cormier ou  fr\u00eane) ou en plastique, cercl\u00e9e d&rsquo;acier, dont le centre de gravit\u00e9 est  l\u00e9g\u00e8rement d\u00e9cal\u00e9 de par la forme de la boule et r\u00e9glable gr\u00e2ce \u00e0 une  vis coulissante vers le \u00ab&nbsp;c\u00f4t\u00e9 faible&nbsp;\u00bb ou le \u00ab&nbsp;c\u00f4t\u00e9 fort&nbsp;\u00bb (d&rsquo;o\u00f9 le nom  du jeu)&nbsp;;<br>un terrain en forme  de goutti\u00e8re particuli\u00e8rement grand&nbsp;: de 18 \u00e0 24&nbsp;m de long sur 5 \u00e0  6&nbsp;m\u00e8tres de large, dont les bords longitudinaux sont relev\u00e9s de trente \u00e0  quarante centim\u00e8tres.<\/p>\n\n\n\n<p>Par ailleurs, la boule de fort est le seul sport au monde \u00e0 se disputer en pantoufles.<br><br><strong>Fillettes et vin d&rsquo;Anjou<\/strong><br>Les  frais d&rsquo;entretien des cercles et soci\u00e9t\u00e9s de jeux de boule de fort  \u00e9taient autrefois couverts par les recettes obtenues \u00e0 la buvette des  salles de jeux de boules. La consommation de vin est de tradition, m\u00eame  si aujourd&rsquo;hui certains pr\u00e9f\u00e8rent boire jus de fruits et limonades. Le  vin, bon march\u00e9, est choisi au sein de la commission cave soci\u00e9t\u00e9s. Il  \u00e9tait mis en petite bouteille, appel\u00e9e \u00ab&nbsp;fillette&nbsp;\u00bb. D\u00e9sormais les  contenants standards sont utilis\u00e9s, et la notion de fillette d\u00e9signe  d\u00e9sormais une demie-bouteille. M\u00eame si les hommes boivent moins  (chopinent moins) qu&rsquo;avant, il est toujours de tradition de \u00ab&nbsp;baiser des  fillettes de vin d&rsquo;Anjou\u00bb. Selon que les rencontres soient des  challenges ou amicales, les vainqueurs payent la tourn\u00e9e aux perdants.<\/p>\n","protected":false},"excerpt":{"rendered":"<p>Pour suivre l\u2019actualit\u00e9 de la boule de fort, cliquez sur ce lien. La boule de fort est un jeu de boule traditionnel en Val de Loire et aux fronti\u00e8res de <a class=\"more-link\" href=\"https:\/\/montreuilsloir.fr\/index.php\/la-societe-de-la-boule-de-fort\/\">Lire plus &#8230;<\/a><\/p>\n","protected":false},"author":3,"featured_media":0,"parent":0,"menu_order":0,"comment_status":"closed","ping_status":"closed","template":"","meta":{"footnotes":""},"class_list":["post-78","page","type-page","status-publish","hentry"],"_links":{"self":[{"href":"https:\/\/montreuilsloir.fr\/index.php\/wp-json\/wp\/v2\/pages\/78","targetHints":{"allow":["GET"]}}],"collection":[{"href":"https:\/\/montreuilsloir.fr\/index.php\/wp-json\/wp\/v2\/pages"}],"about":[{"href":"https:\/\/montreuilsloir.fr\/index.php\/wp-json\/wp\/v2\/types\/page"}],"author":[{"embeddable":true,"href":"https:\/\/montreuilsloir.fr\/index.php\/wp-json\/wp\/v2\/users\/3"}],"replies":[{"embeddable":true,"href":"https:\/\/montreuilsloir.fr\/index.php\/wp-json\/wp\/v2\/comments?post=78"}],"version-history":[{"count":3,"href":"https:\/\/montreuilsloir.fr\/index.php\/wp-json\/wp\/v2\/pages\/78\/revisions"}],"predecessor-version":[{"id":1449,"href":"https:\/\/montreuilsloir.fr\/index.php\/wp-json\/wp\/v2\/pages\/78\/revisions\/1449"}],"wp:attachment":[{"href":"https:\/\/montreuilsloir.fr\/index.php\/wp-json\/wp\/v2\/media?parent=78"}],"curies":[{"name":"wp","href":"https:\/\/api.w.org\/{rel}","templated":true}]}}