{"id":689,"date":"2020-04-01T21:28:00","date_gmt":"2020-04-01T19:28:00","guid":{"rendered":"http:\/\/montreuilsloir.fr\/?page_id=689"},"modified":"2020-04-03T17:01:38","modified_gmt":"2020-04-03T15:01:38","slug":"mentions-legales","status":"publish","type":"page","link":"https:\/\/montreuilsloir.fr\/index.php\/mentions-legales\/","title":{"rendered":"Mentions l\u00e9gales"},"content":{"rendered":"\n<h2 class=\"wp-block-heading\">Propri\u00e9t\u00e9 du site<\/h2>\n\n\n\n<p>Le pr\u00e9sent site est la propri\u00e9t\u00e9 de la Commune de Montreuil-sur-Loir<\/p>\n\n\n\n<p>4 Rue de la Mairie 49140 MONTREUIL SUR LOIR<\/p>\n\n\n\n<p> <strong>Horaires d&rsquo;ouverture de la mairie :<\/strong><br>Le Mardi : de 13h00 \u00e0 17h30<br>Le Jeudi : de 13h00 \u00e0 17h30<br>Le Samedi : de 9h00 \u00e0 12h00<\/p>\n\n\n\n<p>Vous pouvez <strong>t\u00e9l\u00e9phoner \u00e0 la mairie de Montreuil-sur-Loir<\/strong> aux horaires d&rsquo;ouverture indiqu\u00e9s ci-dessus<\/p>\n\n\n\n<p><strong>T\u00e9l\u00e9phone :<\/strong>  02 41 76 21 09<\/p>\n\n\n\n<p> <strong>Fax :<\/strong> 02 41 76 62 41<\/p>\n\n\n\n<h2 class=\"wp-block-heading\">Responsabilit\u00e9 \u00e9ditoriale<\/h2>\n\n\n\n<p>Le directeur de la publication du pr\u00e9sent site est M. Philippe CARDOT en&nbsp;sa qualit\u00e9 de Maire.<\/p>\n\n\n\n<h2 class=\"wp-block-heading\">H\u00e9bergement<\/h2>\n\n\n\n<p>L\u2019h\u00e9bergement du pr\u00e9sent site est assur\u00e9 par la soci\u00e9t\u00e9 OVH 2, rue Kellermann BP 80157 59100 Roubaix.<\/p>\n\n\n\n<h2 class=\"wp-block-heading\">Propri\u00e9t\u00e9 intellectuelle<\/h2>\n\n\n\n<p>L\u2019ensemble de ce site rel\u00e8ve de la l\u00e9gislation fran\u00e7aise et  internationale sur le droit d\u2019auteur et la propri\u00e9t\u00e9 intellectuelle.  Tous les droits de reproduction sont r\u00e9serv\u00e9s, y compris pour les  documents t\u00e9l\u00e9chargeables et les repr\u00e9sentations iconographiques et  photographiques. Le contenu du site est, sauf mention contraire, la  propri\u00e9t\u00e9 de la mairie de Montreuil-sur-Loir.  En cons\u00e9quence et sauf mention contraire, toute utilisation des  contenus du site ne peut \u00eatre faite que moyennant l\u2019autorisation \u00e9crite  de la  mairie de Montreuil-sur-Loir  dont celle-ci reste seule juge. Toute reproduction ou repr\u00e9sentation  m\u00eame partielle par quelque proc\u00e9d\u00e9 que ce soit, r\u00e9alis\u00e9e sans le  consentement \u00e9crit de la&nbsp; mairie de Montreuil-sur-Loir est interdite et illicite. Le non-respect de cette interdiction  constitue une contrefa\u00e7on pouvant engager la responsabilit\u00e9 civile et  p\u00e9nale du contrefacteur.<\/p>\n\n\n\n<h2 class=\"wp-block-heading\">Commission nationale informatique et libert\u00e9s<\/h2>\n\n\n\n<p>Conform\u00e9ment \u00e0 la d\u00e9lib\u00e9ration de la C.N.I.L. n\u00b02006-138 du 9 mai  2006 d\u00e9cidant de la dispense de d\u00e9claration des traitements constitu\u00e9s \u00e0  des fins d\u2019information ou de communication externe (<a rel=\"noreferrer noopener\" href=\"https:\/\/www.cnil.fr\/fr\/dispense\/di-007-fichiers-de-communication-non-commerciale\" target=\"_blank\">Dispense n\u00b07)<\/a>,   ce site est dispens\u00e9 de d\u00e9claration aupr\u00e8s de la C.N.I.L. <\/p>\n\n\n\n<h2 class=\"wp-block-heading\">Protection des donn\u00e9es personnelles<\/h2>\n\n\n\n<p>Conform\u00e9ment \u00e0 la loi \u00ab&nbsp;Informatique et Libert\u00e9s&nbsp;\u00bb du 6 janvier 1978  modifi\u00e9e, vous disposez d\u2019un droit d\u2019acc\u00e8s, de modification et de  suppression des donn\u00e9es qui vous concernent. Pour l\u2019exercer, vous pouvez  contacter la  mairie de Montreuil-sur-Loir.<\/p>\n\n\n\n<h2 class=\"wp-block-heading\">Politique de confidentialit\u00e9<\/h2>\n\n\n\n<p>En consultant notre site Internet, vous nous autorisez \u00e0 recueillir  des informations sur votre navigation, afin de nous aider \u00e0 identifier  les contenus qui vous int\u00e9ressent. <\/p>\n","protected":false},"excerpt":{"rendered":"<p>Propri\u00e9t\u00e9 du site Le pr\u00e9sent site est la propri\u00e9t\u00e9 de la Commune de Montreuil-sur-Loir 4 Rue de la Mairie 49140 MONTREUIL SUR LOIR Horaires d&rsquo;ouverture de la mairie :Le Mardi <a class=\"more-link\" href=\"https:\/\/montreuilsloir.fr\/index.php\/mentions-legales\/\">Lire plus &#8230;<\/a><\/p>\n","protected":false},"author":2,"featured_media":0,"parent":0,"menu_order":0,"comment_status":"closed","ping_status":"closed","template":"","meta":{"footnotes":""},"class_list":["post-689","page","type-page","status-publish","hentry"],"_links":{"self":[{"href":"https:\/\/montreuilsloir.fr\/index.php\/wp-json\/wp\/v2\/pages\/689","targetHints":{"allow":["GET"]}}],"collection":[{"href":"https:\/\/montreuilsloir.fr\/index.php\/wp-json\/wp\/v2\/pages"}],"about":[{"href":"https:\/\/montreuilsloir.fr\/index.php\/wp-json\/wp\/v2\/types\/page"}],"author":[{"embeddable":true,"href":"https:\/\/montreuilsloir.fr\/index.php\/wp-json\/wp\/v2\/users\/2"}],"replies":[{"embeddable":true,"href":"https:\/\/montreuilsloir.fr\/index.php\/wp-json\/wp\/v2\/comments?post=689"}],"version-history":[{"count":5,"href":"https:\/\/montreuilsloir.fr\/index.php\/wp-json\/wp\/v2\/pages\/689\/revisions"}],"predecessor-version":[{"id":792,"href":"https:\/\/montreuilsloir.fr\/index.php\/wp-json\/wp\/v2\/pages\/689\/revisions\/792"}],"wp:attachment":[{"href":"https:\/\/montreuilsloir.fr\/index.php\/wp-json\/wp\/v2\/media?parent=689"}],"curies":[{"name":"wp","href":"https:\/\/api.w.org\/{rel}","templated":true}]}}