{"id":53,"date":"2020-01-12T15:24:19","date_gmt":"2020-01-12T14:24:19","guid":{"rendered":"http:\/\/192.168.1.34\/wordpress\/?page_id=53"},"modified":"2024-01-09T10:56:17","modified_gmt":"2024-01-09T09:56:17","slug":"lequipe-municipale","status":"publish","type":"page","link":"https:\/\/montreuilsloir.fr\/index.php\/lequipe-municipale\/","title":{"rendered":"L&rsquo;\u00e9quipe municipale"},"content":{"rendered":"\n<p>L&rsquo;\u00e9quipe municipale \u00e9lue le 15 mars 2020 a pris ses fonctions le 26 mai 2020.<\/p>\n\n\n\n<figure class=\"wp-block-image\"><img loading=\"lazy\" decoding=\"async\" width=\"1024\" height=\"576\" src=\"https:\/\/montreuilsloir.fr\/wp-content\/uploads\/2020\/04\/Conseil-municipal-1-1024x576.jpg\" alt=\"\" class=\"wp-image-641\" srcset=\"https:\/\/montreuilsloir.fr\/wp-content\/uploads\/2020\/04\/Conseil-municipal-1-1024x576.jpg 1024w, https:\/\/montreuilsloir.fr\/wp-content\/uploads\/2020\/04\/Conseil-municipal-1-600x337.jpg 600w, https:\/\/montreuilsloir.fr\/wp-content\/uploads\/2020\/04\/Conseil-municipal-1-300x169.jpg 300w, https:\/\/montreuilsloir.fr\/wp-content\/uploads\/2020\/04\/Conseil-municipal-1-768x432.jpg 768w, https:\/\/montreuilsloir.fr\/wp-content\/uploads\/2020\/04\/Conseil-municipal-1-1200x675.jpg 1200w, https:\/\/montreuilsloir.fr\/wp-content\/uploads\/2020\/04\/Conseil-municipal-1-1320x742.jpg 1320w\" sizes=\"auto, (max-width: 1024px) 100vw, 1024px\" \/><figcaption class=\"wp-element-caption\">L&rsquo;\u00e9quipe municipale<\/figcaption><\/figure>\n\n\n\n<div class=\"wp-block-media-text alignwide\"><figure class=\"wp-block-media-text__media\"><img loading=\"lazy\" decoding=\"async\" width=\"300\" height=\"200\" src=\"https:\/\/montreuilsloir.fr\/wp-content\/uploads\/2020\/04\/Philippe-Cardot-300x200.jpg\" alt=\"Maire de Montreuil-sur-Loir\" class=\"wp-image-629 size-full\" srcset=\"https:\/\/montreuilsloir.fr\/wp-content\/uploads\/2020\/04\/Philippe-Cardot-300x200.jpg 300w, https:\/\/montreuilsloir.fr\/wp-content\/uploads\/2020\/04\/Philippe-Cardot-600x400.jpg 600w, https:\/\/montreuilsloir.fr\/wp-content\/uploads\/2020\/04\/Philippe-Cardot-768x512.jpg 768w, https:\/\/montreuilsloir.fr\/wp-content\/uploads\/2020\/04\/Philippe-Cardot-1024x683.jpg 1024w, https:\/\/montreuilsloir.fr\/wp-content\/uploads\/2020\/04\/Philippe-Cardot-1568x1046.jpg 1568w, https:\/\/montreuilsloir.fr\/wp-content\/uploads\/2020\/04\/Philippe-Cardot-1320x880.jpg 1320w\" sizes=\"auto, (max-width: 300px) 100vw, 300px\" \/><\/figure><div class=\"wp-block-media-text__content\">\n<p class=\"has-medium-font-size\">Philippe CARDOT<br>Maire de <br>Montreuil-sur-Loir<\/p>\n<\/div><\/div>\n\n\n\n<div class=\"wp-block-media-text alignwide\"><figure class=\"wp-block-media-text__media\"><img loading=\"lazy\" decoding=\"async\" width=\"300\" height=\"200\" src=\"https:\/\/montreuilsloir.fr\/wp-content\/uploads\/2020\/04\/evelyne-grimault-300x200.jpg\" alt=\"\" class=\"wp-image-621 size-full\" srcset=\"https:\/\/montreuilsloir.fr\/wp-content\/uploads\/2020\/04\/evelyne-grimault-300x200.jpg 300w, https:\/\/montreuilsloir.fr\/wp-content\/uploads\/2020\/04\/evelyne-grimault-600x400.jpg 600w, https:\/\/montreuilsloir.fr\/wp-content\/uploads\/2020\/04\/evelyne-grimault-768x512.jpg 768w, https:\/\/montreuilsloir.fr\/wp-content\/uploads\/2020\/04\/evelyne-grimault-1024x683.jpg 1024w, https:\/\/montreuilsloir.fr\/wp-content\/uploads\/2020\/04\/evelyne-grimault-1568x1046.jpg 1568w, https:\/\/montreuilsloir.fr\/wp-content\/uploads\/2020\/04\/evelyne-grimault-1320x880.jpg 1320w\" sizes=\"auto, (max-width: 300px) 100vw, 300px\" \/><\/figure><div class=\"wp-block-media-text__content\">\n<p class=\"has-medium-font-size\">Evelyne GRIMAULT 1\u00e8re adjointe<\/p>\n<\/div><\/div>\n\n\n\n<div class=\"wp-block-media-text alignwide\"><figure class=\"wp-block-media-text__media\"><img loading=\"lazy\" decoding=\"async\" width=\"300\" height=\"200\" src=\"https:\/\/montreuilsloir.fr\/wp-content\/uploads\/2020\/04\/Vronique-Clment-300x200.jpg\" alt=\"\" class=\"wp-image-630 size-full\" srcset=\"https:\/\/montreuilsloir.fr\/wp-content\/uploads\/2020\/04\/Vronique-Clment-300x200.jpg 300w, https:\/\/montreuilsloir.fr\/wp-content\/uploads\/2020\/04\/Vronique-Clment-600x400.jpg 600w, https:\/\/montreuilsloir.fr\/wp-content\/uploads\/2020\/04\/Vronique-Clment-768x512.jpg 768w, https:\/\/montreuilsloir.fr\/wp-content\/uploads\/2020\/04\/Vronique-Clment-1024x683.jpg 1024w, https:\/\/montreuilsloir.fr\/wp-content\/uploads\/2020\/04\/Vronique-Clment-1568x1045.jpg 1568w, https:\/\/montreuilsloir.fr\/wp-content\/uploads\/2020\/04\/Vronique-Clment-1320x880.jpg 1320w\" sizes=\"auto, (max-width: 300px) 100vw, 300px\" \/><\/figure><div class=\"wp-block-media-text__content\">\n<p class=\"has-medium-font-size\">V\u00e9ronique CLEMENT<\/p>\n<\/div><\/div>\n\n\n\n<div class=\"wp-block-media-text alignwide\"><figure class=\"wp-block-media-text__media\"><img loading=\"lazy\" decoding=\"async\" width=\"300\" height=\"200\" src=\"https:\/\/montreuilsloir.fr\/wp-content\/uploads\/2020\/04\/carole-boisseau-300x200.jpg\" alt=\"\" class=\"wp-image-618 size-full\" srcset=\"https:\/\/montreuilsloir.fr\/wp-content\/uploads\/2020\/04\/carole-boisseau-300x200.jpg 300w, https:\/\/montreuilsloir.fr\/wp-content\/uploads\/2020\/04\/carole-boisseau-600x400.jpg 600w, https:\/\/montreuilsloir.fr\/wp-content\/uploads\/2020\/04\/carole-boisseau-768x512.jpg 768w, https:\/\/montreuilsloir.fr\/wp-content\/uploads\/2020\/04\/carole-boisseau-1024x683.jpg 1024w, https:\/\/montreuilsloir.fr\/wp-content\/uploads\/2020\/04\/carole-boisseau-1568x1045.jpg 1568w, https:\/\/montreuilsloir.fr\/wp-content\/uploads\/2020\/04\/carole-boisseau-1320x880.jpg 1320w\" sizes=\"auto, (max-width: 300px) 100vw, 300px\" \/><\/figure><div class=\"wp-block-media-text__content\">\n<p class=\"has-medium-font-size\">Carole BOISSEAU<\/p>\n<\/div><\/div>\n\n\n\n<div class=\"wp-block-media-text alignwide\"><figure class=\"wp-block-media-text__media\"><img loading=\"lazy\" decoding=\"async\" width=\"300\" height=\"200\" src=\"https:\/\/montreuilsloir.fr\/wp-content\/uploads\/2020\/04\/jean-brillaud-300x200.jpg\" alt=\"\" class=\"wp-image-623 size-full\" srcset=\"https:\/\/montreuilsloir.fr\/wp-content\/uploads\/2020\/04\/jean-brillaud-300x200.jpg 300w, https:\/\/montreuilsloir.fr\/wp-content\/uploads\/2020\/04\/jean-brillaud-600x400.jpg 600w, https:\/\/montreuilsloir.fr\/wp-content\/uploads\/2020\/04\/jean-brillaud-768x512.jpg 768w, https:\/\/montreuilsloir.fr\/wp-content\/uploads\/2020\/04\/jean-brillaud-1024x682.jpg 1024w, https:\/\/montreuilsloir.fr\/wp-content\/uploads\/2020\/04\/jean-brillaud-1568x1045.jpg 1568w, https:\/\/montreuilsloir.fr\/wp-content\/uploads\/2020\/04\/jean-brillaud-1320x880.jpg 1320w\" sizes=\"auto, (max-width: 300px) 100vw, 300px\" \/><\/figure><div class=\"wp-block-media-text__content\">\n<p class=\"has-medium-font-size\">Jean BRILLAUD<\/p>\n<\/div><\/div>\n\n\n\n<div class=\"wp-block-media-text alignwide\"><figure class=\"wp-block-media-text__media\"><img loading=\"lazy\" decoding=\"async\" width=\"300\" height=\"200\" src=\"https:\/\/montreuilsloir.fr\/wp-content\/uploads\/2020\/04\/marie-drugeon-300x200.jpg\" alt=\"\" class=\"wp-image-625 size-full\" srcset=\"https:\/\/montreuilsloir.fr\/wp-content\/uploads\/2020\/04\/marie-drugeon-300x200.jpg 300w, https:\/\/montreuilsloir.fr\/wp-content\/uploads\/2020\/04\/marie-drugeon-600x400.jpg 600w, https:\/\/montreuilsloir.fr\/wp-content\/uploads\/2020\/04\/marie-drugeon-768x512.jpg 768w, https:\/\/montreuilsloir.fr\/wp-content\/uploads\/2020\/04\/marie-drugeon-1024x683.jpg 1024w, https:\/\/montreuilsloir.fr\/wp-content\/uploads\/2020\/04\/marie-drugeon-1568x1045.jpg 1568w, https:\/\/montreuilsloir.fr\/wp-content\/uploads\/2020\/04\/marie-drugeon-1320x880.jpg 1320w\" sizes=\"auto, (max-width: 300px) 100vw, 300px\" \/><\/figure><div class=\"wp-block-media-text__content\">\n<p class=\"has-medium-font-size\">Marie DRUGEON<\/p>\n<\/div><\/div>\n\n\n\n<div class=\"wp-block-media-text alignwide\"><figure class=\"wp-block-media-text__media\"><img loading=\"lazy\" decoding=\"async\" width=\"300\" height=\"200\" src=\"https:\/\/montreuilsloir.fr\/wp-content\/uploads\/2020\/04\/gerard-gabard-300x200.jpg\" alt=\"\" class=\"wp-image-622 size-full\" srcset=\"https:\/\/montreuilsloir.fr\/wp-content\/uploads\/2020\/04\/gerard-gabard-300x200.jpg 300w, https:\/\/montreuilsloir.fr\/wp-content\/uploads\/2020\/04\/gerard-gabard-600x400.jpg 600w, https:\/\/montreuilsloir.fr\/wp-content\/uploads\/2020\/04\/gerard-gabard-768x512.jpg 768w, https:\/\/montreuilsloir.fr\/wp-content\/uploads\/2020\/04\/gerard-gabard-1024x683.jpg 1024w, https:\/\/montreuilsloir.fr\/wp-content\/uploads\/2020\/04\/gerard-gabard-1568x1046.jpg 1568w, https:\/\/montreuilsloir.fr\/wp-content\/uploads\/2020\/04\/gerard-gabard-1320x880.jpg 1320w\" sizes=\"auto, (max-width: 300px) 100vw, 300px\" \/><\/figure><div class=\"wp-block-media-text__content\">\n<p class=\"has-medium-font-size\">Gerard GABARD 2\u00e8me adjoint<\/p>\n<\/div><\/div>\n\n\n\n<div class=\"wp-block-media-text alignwide\"><figure class=\"wp-block-media-text__media\"><img loading=\"lazy\" decoding=\"async\" width=\"300\" height=\"200\" src=\"https:\/\/montreuilsloir.fr\/wp-content\/uploads\/2020\/04\/mickael-guignard-300x200.jpg\" alt=\"\" class=\"wp-image-627 size-full\" srcset=\"https:\/\/montreuilsloir.fr\/wp-content\/uploads\/2020\/04\/mickael-guignard-300x200.jpg 300w, https:\/\/montreuilsloir.fr\/wp-content\/uploads\/2020\/04\/mickael-guignard-600x400.jpg 600w, https:\/\/montreuilsloir.fr\/wp-content\/uploads\/2020\/04\/mickael-guignard-768x512.jpg 768w, https:\/\/montreuilsloir.fr\/wp-content\/uploads\/2020\/04\/mickael-guignard-1024x683.jpg 1024w, https:\/\/montreuilsloir.fr\/wp-content\/uploads\/2020\/04\/mickael-guignard-1568x1045.jpg 1568w, https:\/\/montreuilsloir.fr\/wp-content\/uploads\/2020\/04\/mickael-guignard-1320x880.jpg 1320w\" sizes=\"auto, (max-width: 300px) 100vw, 300px\" \/><\/figure><div class=\"wp-block-media-text__content\">\n<p class=\"has-medium-font-size\">Mickael GUIGNARD<\/p>\n<\/div><\/div>\n\n\n\n<div class=\"wp-block-media-text alignwide\"><figure class=\"wp-block-media-text__media\"><img loading=\"lazy\" decoding=\"async\" width=\"300\" height=\"200\" src=\"https:\/\/montreuilsloir.fr\/wp-content\/uploads\/2020\/04\/Marylin-Le-Dren-300x200.jpg\" alt=\"\" class=\"wp-image-626 size-full\" srcset=\"https:\/\/montreuilsloir.fr\/wp-content\/uploads\/2020\/04\/Marylin-Le-Dren-300x200.jpg 300w, https:\/\/montreuilsloir.fr\/wp-content\/uploads\/2020\/04\/Marylin-Le-Dren-600x400.jpg 600w, https:\/\/montreuilsloir.fr\/wp-content\/uploads\/2020\/04\/Marylin-Le-Dren-768x512.jpg 768w, https:\/\/montreuilsloir.fr\/wp-content\/uploads\/2020\/04\/Marylin-Le-Dren-1024x683.jpg 1024w, https:\/\/montreuilsloir.fr\/wp-content\/uploads\/2020\/04\/Marylin-Le-Dren-1568x1045.jpg 1568w, https:\/\/montreuilsloir.fr\/wp-content\/uploads\/2020\/04\/Marylin-Le-Dren-1320x880.jpg 1320w\" sizes=\"auto, (max-width: 300px) 100vw, 300px\" \/><\/figure><div class=\"wp-block-media-text__content\">\n<p class=\"has-medium-font-size\">Marilyn RAIMBAULT-LE DREN<\/p>\n<\/div><\/div>\n\n\n\n<div class=\"wp-block-media-text alignwide\"><figure class=\"wp-block-media-text__media\"><img loading=\"lazy\" decoding=\"async\" width=\"300\" height=\"200\" src=\"https:\/\/montreuilsloir.fr\/wp-content\/uploads\/2020\/04\/benoit-menard-300x200.jpg\" alt=\"\" class=\"wp-image-616 size-full\" srcset=\"https:\/\/montreuilsloir.fr\/wp-content\/uploads\/2020\/04\/benoit-menard-300x200.jpg 300w, https:\/\/montreuilsloir.fr\/wp-content\/uploads\/2020\/04\/benoit-menard-600x400.jpg 600w, https:\/\/montreuilsloir.fr\/wp-content\/uploads\/2020\/04\/benoit-menard-768x512.jpg 768w, https:\/\/montreuilsloir.fr\/wp-content\/uploads\/2020\/04\/benoit-menard-1024x683.jpg 1024w, https:\/\/montreuilsloir.fr\/wp-content\/uploads\/2020\/04\/benoit-menard-1568x1045.jpg 1568w, https:\/\/montreuilsloir.fr\/wp-content\/uploads\/2020\/04\/benoit-menard-1320x880.jpg 1320w\" sizes=\"auto, (max-width: 300px) 100vw, 300px\" \/><\/figure><div class=\"wp-block-media-text__content\">\n<p class=\"has-medium-font-size\">Benoit MENARD<\/p>\n<\/div><\/div>\n\n\n\n<div class=\"wp-block-media-text alignwide\"><figure class=\"wp-block-media-text__media\"><img loading=\"lazy\" decoding=\"async\" width=\"300\" height=\"200\" src=\"https:\/\/montreuilsloir.fr\/wp-content\/uploads\/2020\/04\/jean-louis-nedey-300x200.jpg\" alt=\"\" class=\"wp-image-624 size-full\" srcset=\"https:\/\/montreuilsloir.fr\/wp-content\/uploads\/2020\/04\/jean-louis-nedey-300x200.jpg 300w, https:\/\/montreuilsloir.fr\/wp-content\/uploads\/2020\/04\/jean-louis-nedey-600x400.jpg 600w, https:\/\/montreuilsloir.fr\/wp-content\/uploads\/2020\/04\/jean-louis-nedey-768x512.jpg 768w, https:\/\/montreuilsloir.fr\/wp-content\/uploads\/2020\/04\/jean-louis-nedey-1024x683.jpg 1024w, https:\/\/montreuilsloir.fr\/wp-content\/uploads\/2020\/04\/jean-louis-nedey-1568x1045.jpg 1568w, https:\/\/montreuilsloir.fr\/wp-content\/uploads\/2020\/04\/jean-louis-nedey-1320x880.jpg 1320w\" sizes=\"auto, (max-width: 300px) 100vw, 300px\" \/><\/figure><div class=\"wp-block-media-text__content\">\n<p class=\"has-medium-font-size\">Jean-Louis NEDEY 3\u00e8me adjoint<\/p>\n<\/div><\/div>\n\n\n\n<div class=\"wp-block-media-text alignwide\"><figure class=\"wp-block-media-text__media\"><img loading=\"lazy\" decoding=\"async\" width=\"300\" height=\"200\" src=\"https:\/\/montreuilsloir.fr\/wp-content\/uploads\/2020\/04\/emilie-Odiau-300x200.jpg\" alt=\"\" class=\"wp-image-620 size-full\" srcset=\"https:\/\/montreuilsloir.fr\/wp-content\/uploads\/2020\/04\/emilie-Odiau-300x200.jpg 300w, https:\/\/montreuilsloir.fr\/wp-content\/uploads\/2020\/04\/emilie-Odiau-600x400.jpg 600w, https:\/\/montreuilsloir.fr\/wp-content\/uploads\/2020\/04\/emilie-Odiau-768x512.jpg 768w, https:\/\/montreuilsloir.fr\/wp-content\/uploads\/2020\/04\/emilie-Odiau-1024x683.jpg 1024w, https:\/\/montreuilsloir.fr\/wp-content\/uploads\/2020\/04\/emilie-Odiau-1568x1045.jpg 1568w, https:\/\/montreuilsloir.fr\/wp-content\/uploads\/2020\/04\/emilie-Odiau-1320x880.jpg 1320w\" sizes=\"auto, (max-width: 300px) 100vw, 300px\" \/><\/figure><div class=\"wp-block-media-text__content\">\n<p class=\"has-medium-font-size\">Emilie ODIAU<\/p>\n<\/div><\/div>\n\n\n\n<div class=\"wp-block-media-text alignwide\"><figure class=\"wp-block-media-text__media\"><img loading=\"lazy\" decoding=\"async\" width=\"300\" height=\"200\" src=\"https:\/\/montreuilsloir.fr\/wp-content\/uploads\/2020\/04\/antonine-palous-300x200.jpg\" alt=\"\" class=\"wp-image-615 size-full\" srcset=\"https:\/\/montreuilsloir.fr\/wp-content\/uploads\/2020\/04\/antonine-palous-300x200.jpg 300w, https:\/\/montreuilsloir.fr\/wp-content\/uploads\/2020\/04\/antonine-palous-600x400.jpg 600w, https:\/\/montreuilsloir.fr\/wp-content\/uploads\/2020\/04\/antonine-palous-768x512.jpg 768w, https:\/\/montreuilsloir.fr\/wp-content\/uploads\/2020\/04\/antonine-palous-1024x683.jpg 1024w, https:\/\/montreuilsloir.fr\/wp-content\/uploads\/2020\/04\/antonine-palous-1568x1045.jpg 1568w, https:\/\/montreuilsloir.fr\/wp-content\/uploads\/2020\/04\/antonine-palous-1320x880.jpg 1320w\" sizes=\"auto, (max-width: 300px) 100vw, 300px\" \/><\/figure><div class=\"wp-block-media-text__content\">\n<p class=\"has-medium-font-size\">Antonine PALOUS<\/p>\n<\/div><\/div>\n\n\n\n<p>Acc\u00e8s \u00e0 l&rsquo;<a href=\"https:\/\/montreuilsloir.fr\/index.php\/espace-reserve-aux-elus-locaux\/\" target=\"_blank\" rel=\"noreferrer noopener\" aria-label=\"espace r\u00e9serv\u00e9 au conseillers municipaux (s\u2019ouvre dans un nouvel onglet)\">espace r\u00e9serv\u00e9 au conseillers municipaux<\/a><\/p>\n","protected":false},"excerpt":{"rendered":"<p>L&rsquo;\u00e9quipe municipale \u00e9lue le 15 mars 2020 a pris ses fonctions le 26 mai 2020. Philippe CARDOTMaire de Montreuil-sur-Loir Evelyne GRIMAULT 1\u00e8re adjointe V\u00e9ronique CLEMENT Carole BOISSEAU Jean BRILLAUD Marie <a class=\"more-link\" href=\"https:\/\/montreuilsloir.fr\/index.php\/lequipe-municipale\/\">Lire plus &#8230;<\/a><\/p>\n","protected":false},"author":3,"featured_media":0,"parent":0,"menu_order":0,"comment_status":"closed","ping_status":"closed","template":"","meta":{"footnotes":""},"class_list":["post-53","page","type-page","status-publish","hentry"],"_links":{"self":[{"href":"https:\/\/montreuilsloir.fr\/index.php\/wp-json\/wp\/v2\/pages\/53","targetHints":{"allow":["GET"]}}],"collection":[{"href":"https:\/\/montreuilsloir.fr\/index.php\/wp-json\/wp\/v2\/pages"}],"about":[{"href":"https:\/\/montreuilsloir.fr\/index.php\/wp-json\/wp\/v2\/types\/page"}],"author":[{"embeddable":true,"href":"https:\/\/montreuilsloir.fr\/index.php\/wp-json\/wp\/v2\/users\/3"}],"replies":[{"embeddable":true,"href":"https:\/\/montreuilsloir.fr\/index.php\/wp-json\/wp\/v2\/comments?post=53"}],"version-history":[{"count":13,"href":"https:\/\/montreuilsloir.fr\/index.php\/wp-json\/wp\/v2\/pages\/53\/revisions"}],"predecessor-version":[{"id":3615,"href":"https:\/\/montreuilsloir.fr\/index.php\/wp-json\/wp\/v2\/pages\/53\/revisions\/3615"}],"wp:attachment":[{"href":"https:\/\/montreuilsloir.fr\/index.php\/wp-json\/wp\/v2\/media?parent=53"}],"curies":[{"name":"wp","href":"https:\/\/api.w.org\/{rel}","templated":true}]}}