{"id":3527,"date":"2023-10-09T13:07:30","date_gmt":"2023-10-09T11:07:30","guid":{"rendered":"https:\/\/montreuilsloir.fr\/?page_id=3527"},"modified":"2024-01-21T12:42:47","modified_gmt":"2024-01-21T11:42:47","slug":"calendrier-des-permanences-2","status":"publish","type":"page","link":"https:\/\/montreuilsloir.fr\/index.php\/calendrier-des-permanences-2\/","title":{"rendered":"Calendrier des permanences"},"content":{"rendered":"\n<p><strong>La liste des permanences enregistr\u00e9es :<\/strong><\/p>\n\n\n<div class=\"cpapp_no_wrap\"><div class=\"cpappb_field_0\">15\/04\/2026<\/div><div class=\"cpappb_field_1\">17:00-19:00<\/div><div class=\"cpappb_field_2\">Chloe&nbsp;<\/div><\/div><div class=\"cpapp_break\"><\/div><div class=\"cpapp_no_wrap\"><div class=\"cpappb_field_0\">18\/04\/2026<\/div><div class=\"cpappb_field_1\">10:30-12:30<\/div><div class=\"cpappb_field_2\">Dani\u00e8le&nbsp;<\/div><\/div><div class=\"cpapp_break\"><\/div><div class=\"cpapp_no_wrap\"><div class=\"cpappb_field_0\">22\/04\/2026<\/div><div class=\"cpappb_field_1\">17:00-19:00<\/div><div class=\"cpappb_field_2\">Martine&nbsp;<\/div><\/div><div class=\"cpapp_break\"><\/div><div class=\"cpapp_no_wrap\"><div class=\"cpappb_field_0\">25\/04\/2026<\/div><div class=\"cpappb_field_1\">10:30-12:30<\/div><div class=\"cpappb_field_2\">Marylin&nbsp;<\/div><\/div><div class=\"cpapp_break\"><\/div><div class=\"cpapp_no_wrap\"><div class=\"cpappb_field_0\">29\/04\/2026<\/div><div class=\"cpappb_field_1\">17:00-19:00<\/div><div class=\"cpappb_field_2\">Chloe&nbsp;<\/div><\/div><div class=\"cpapp_break\"><\/div><div class=\"cpapp_no_wrap\"><div class=\"cpappb_field_0\">02\/05\/2026<\/div><div class=\"cpappb_field_1\">10:30-12:30<\/div><div class=\"cpappb_field_2\">H\u00e9l\u00e8ne&nbsp;<\/div><\/div><div class=\"cpapp_break\"><\/div><div class=\"cpapp_no_wrap\"><div class=\"cpappb_field_0\">06\/05\/2026<\/div><div class=\"cpappb_field_1\">17:00-19:00<\/div><div class=\"cpappb_field_2\">Martine&nbsp;<\/div><\/div><div class=\"cpapp_break\"><\/div><div class=\"cpapp_no_wrap\"><div class=\"cpappb_field_0\">13\/05\/2026<\/div><div class=\"cpappb_field_1\">17:00-19:00<\/div><div class=\"cpappb_field_2\">Daniele&nbsp;<\/div><\/div><div class=\"cpapp_break\"><\/div><div class=\"cpapp_no_wrap\"><div class=\"cpappb_field_0\">20\/05\/2026<\/div><div class=\"cpappb_field_1\">17:00-19:00<\/div><div class=\"cpappb_field_2\">Martine&nbsp;<\/div><\/div><div class=\"cpapp_break\"><\/div><div class=\"cpapp_no_wrap\"><div class=\"cpappb_field_0\">23\/05\/2026<\/div><div class=\"cpappb_field_1\">10:30-12:30<\/div><div class=\"cpappb_field_2\">Daniele&nbsp;<\/div><\/div><div class=\"cpapp_break\"><\/div><div class=\"cpapp_no_wrap\"><div class=\"cpappb_field_0\">27\/05\/2026<\/div><div class=\"cpappb_field_1\">17:00-19:00<\/div><div class=\"cpappb_field_2\">Chantal&nbsp;<\/div><\/div><div class=\"cpapp_break\"><\/div><div class=\"cpapp_no_wrap\"><div class=\"cpappb_field_0\">30\/05\/2026<\/div><div class=\"cpappb_field_1\">10:30-12:30<\/div><div class=\"cpappb_field_2\">Chlo\u00e9&nbsp;<\/div><\/div><div class=\"cpapp_break\"><\/div><div class=\"cpapp_no_wrap\"><div class=\"cpappb_field_0\">03\/06\/2026<\/div><div class=\"cpappb_field_1\">17:00-19:00<\/div><div class=\"cpappb_field_2\">Chantal&nbsp;<\/div><\/div><div class=\"cpapp_break\"><\/div><div class=\"cpapp_no_wrap\"><div class=\"cpappb_field_0\">06\/06\/2026<\/div><div class=\"cpappb_field_1\">10:30-12:30<\/div><div class=\"cpappb_field_2\">Dabiele&nbsp;<\/div><\/div><div class=\"cpapp_break\"><\/div><div class=\"cpapp_no_wrap\"><div class=\"cpappb_field_0\">10\/06\/2026<\/div><div class=\"cpappb_field_1\">17:00-19:00<\/div><div class=\"cpappb_field_2\">Martine&nbsp;<\/div><\/div><div class=\"cpapp_break\"><\/div><div class=\"cpapp_no_wrap\"><div class=\"cpappb_field_0\">13\/06\/2026<\/div><div class=\"cpappb_field_1\">10:30-12:30<\/div><div class=\"cpappb_field_2\">Daniele&nbsp;<\/div><\/div><div class=\"cpapp_break\"><\/div><div class=\"cpapp_no_wrap\"><div class=\"cpappb_field_0\">24\/06\/2026<\/div><div class=\"cpappb_field_1\">17:00-19:00<\/div><div class=\"cpappb_field_2\">Martine&nbsp;<\/div><\/div><div class=\"cpapp_break\"><\/div>\n\n\n\n<p><\/p>\n\n\n\n<p><em>Si vous voulez vous inscrire pour une permanence faites-le sur la suite de cette page, cliquez sur une journ\u00e9e et validez l&rsquo;horaire (c&rsquo;est n\u00e9cessaire pour l&rsquo;application m\u00eame si l&rsquo;int\u00e9r\u00eat est limit\u00e9), saisissez votre nom et validez l&rsquo;op\u00e9ration.<\/em><\/p>\n\n\n<p style=\"text-align: left;\"><!--noptimize-->\n        <script type=\"text\/javascript\">\n         var cp_hourbk_cancel_label = 'Annuler';\n         var cp_hourbk_quantity_label = 'Quantity';\n         var cp_hourbk_cost_label = 'Cost';\n         var cp_hourbk_overlapping_label = 'Selected time is no longer available. Please select a different time.';         \n\t\t var cp_hourbk_nomore_label = 'No more slots available.';\n         var cp_hourbk_avoid_overlapping = 0;\n         var apphboverbooking_handler0 = false;\n         function cp_appbooking_pform_doValidate_1(form)\n         {\n            try { if (document.cp_appbooking_pform_1.cp_appbooking_pform_status.value == '1') return false; } catch (e) {}\n            $dexQuery = jQuery.noConflict();\n            try { document.cp_appbooking_pform_1.cp_ref_page.value = document.location; } catch (e) {}\n            $dexQuery = jQuery.noConflict();            {\n                var cpefb_error = 0;\n                $dexQuery(\"#cp_appbooking_pform_1\").find(\".cpefb_error\").each(function(index){\n                if ($dexQuery(this).css(\"display\")!=\"none\")\n                    cpefb_error++;\n                });\n                if (cpefb_error==0)\n                {\n                    if (!apphboverbooking_handler0)\n                    {\n                        try { document.cp_appbooking_pform_1.cp_appbooking_pform_status.value = '1';\t } catch (e) {}\n                        apphbblink_1(\".pbSubmit:visible\");\n                        $dexQuery(\"#cp_appbooking_pform_1\").find(\".avoid_overlapping_before\").not(\".ignore,.ignorepb\").removeClass(\"avoid_overlapping_before\").removeClass(\"valid\").addClass(\"avoid_overlapping\");\n                        cp_hourbk_avoid_overlapping = 1;\n                        try {\n                            $dexQuery(\"#cp_appbooking_pform_1\").find(\".avoid_overlapping\").valid();\n                        } catch (e) { cp_hourbk_avoid_overlapping = 0; }\n                        function check_cp_hourbk_avoid_overlapping(){\n\t\t                    if (cp_hourbk_avoid_overlapping>0)\n\t\t                        setTimeout(check_cp_hourbk_avoid_overlapping,100);\n\t\t                    else\n\t\t                    {\n                                var cpefb_error = 0;\n                                $dexQuery(\"#cp_appbooking_pform_1\").find(\".cpefb_error\").each(function(index){\n                                    if ($dexQuery(this).css(\"display\")!=\"none\")\n                                        cpefb_error++;\n                                    });\n                                try { document.cp_appbooking_pform_1.cp_appbooking_pform_status.value = '0';\t } catch (e) {}\n                                if (cpefb_error==0)\n                                {\n                                    apphboverbooking_handler0 = true;\n                                    if (cp_appbooking_pform_doValidate_1(form))\n                                    {\n                                        $dexQuery( \".pbSubmit\" ).unbind();\n                                        if ($dexQuery( \".pbSubmit\" ).hasClass(\"nofirst\"))\n                                            return false;\n                                        $dexQuery( \".pbSubmit\" ).addClass(\"nofirst\");\n                                        document.getElementById(\"cp_appbooking_pform_1\").submit();\n                                    }\n                                }\n\t\t                    }\n\t\t                }\n\t\t                check_cp_hourbk_avoid_overlapping();\n                        return false;\n                    }\n                    \t        \t\t$dexQuery(\"#cp_appbooking_pform_1\").find( '.ignore' ).closest( '.fields' ).remove();\n\t        \t}\n\t        \tdocument.getElementById(\"form_structure_1\").value = '';\n\t        \tdocument.getElementById(\"refpage_1\").value = document.location;\n                try {\n                    if (cpefb_error==0)\n                    {\n                        document.cp_appbooking_pform_1.cp_appbooking_pform_status.value = '1';\n                        apphbblink_1(\".pbSubmit\");\n                    }\n                } catch (e) {}\n                return true;\n            }\n         }\n         function apphbblink_1(selector){\n             try {\n                 $dexQuery = jQuery.noConflict();\n                 $dexQuery(selector).fadeOut(1000, function(){\n                     $dexQuery(this).fadeIn(1000, function(){\n                             try {\n                                 if (document.cp_appbooking_pform_1.cp_appbooking_pform_status.value != '0')\n                                     apphbblink_1(this);\n                             } catch (e) { console.log(e)}\n                     });\n                 });\n             } catch (e) {}\n         }\n         function cp_appbooking_cerror_1(){$dexQuery = jQuery.noConflict();$dexQuery(\"#hdcaptcha_error_1\").css('top',$dexQuery(\"#hdcaptcha_cp_appbooking_post_1\").outerHeight());$dexQuery(\"#hdcaptcha_error_1\").css(\"display\",\"inline\");}\n        <\/script><!--\/noptimize-->\n        <form class=\"cpp_form no-prefetch\" name=\"cp_appbooking_pform_1\" id=\"cp_appbooking_pform_1\" action=\"\" method=\"post\" enctype=\"multipart\/form-data\" onsubmit=\"return cp_appbooking_pform_doValidate_1(this);\"><input type=\"hidden\" name=\"cp_pform_psequence\" value=\"_1\" \/><input type=\"hidden\" name=\"cp_appbooking_pform_process\" value=\"1\" \/><input type=\"hidden\" name=\"cp_appbooking_id\" value=\"2\" \/><input type=\"hidden\" name=\"cp_ref_page\" value=\"\" \/><input type=\"hidden\" name=\"form_structure_1\" id=\"form_structure_1\" size=\"180\" value=\"[[{&quot;form_identifier&quot;:&quot;&quot;,&quot;name&quot;:&quot;fieldname1&quot;,&quot;shortlabel&quot;:&quot;&quot;,&quot;index&quot;:0,&quot;ftype&quot;:&quot;fapp&quot;,&quot;userhelp&quot;:&quot;&quot;,&quot;userhelpTooltip&quot;:&quot;&quot;,&quot;csslayout&quot;:&quot;&quot;,&quot;title&quot;:&quot;Permances&quot;,&quot;services&quot;:[{&quot;name&quot;:&quot;Permanence&quot;,&quot;price&quot;:0,&quot;capacity&quot;:1,&quot;duration&quot;:&quot;120&quot;,&quot;pb&quot;:0,&quot;pa&quot;:0,&quot;ohindex&quot;:0,&quot;idx&quot;:1}],&quot;openhours&quot;:[],&quot;allOH&quot;:[{&quot;name&quot;:&quot;Default&quot;,&quot;openhours&quot;:[{&quot;type&quot;:&quot;d6&quot;,&quot;d&quot;:&quot;&quot;,&quot;h1&quot;:&quot;10&quot;,&quot;m1&quot;:&quot;30&quot;,&quot;h2&quot;:&quot;12&quot;,&quot;m2&quot;:&quot;30&quot;},{&quot;type&quot;:&quot;d3&quot;,&quot;d&quot;:&quot;&quot;,&quot;h1&quot;:&quot;17&quot;,&quot;m1&quot;:&quot;0&quot;,&quot;h2&quot;:&quot;19&quot;,&quot;m2&quot;:&quot;0&quot;}]}],&quot;dateFormat&quot;:&quot;dd\\\/mm\\\/yy&quot;,&quot;showDropdown&quot;:false,&quot;showTotalCost&quot;:false,&quot;showTotalCostFormat&quot;:&quot;$ {0}&quot;,&quot;showEndTime&quot;:false,&quot;showQuantity&quot;:false,&quot;usedSlotsCheckbox&quot;:false,&quot;avoidOverlaping&quot;:true,&quot;emptySelectCheckbox&quot;:false,&quot;emptySelect&quot;:&quot;-- Please select service --&quot;,&quot;dropdownRange&quot;:&quot;-10:+10&quot;,&quot;working_dates&quot;:[false,false,false,true,false,false,true],&quot;numberOfMonths&quot;:1,&quot;maxNumberOfApp&quot;:0,&quot;firstDay&quot;:0,&quot;minDate&quot;:&quot;0&quot;,&quot;maxDate&quot;:&quot;&quot;,&quot;defaultDate&quot;:&quot;&quot;,&quot;invalidDates&quot;:&quot;&quot;,&quot;tmpinvalidDates&quot;:&quot;&quot;,&quot;required&quot;:true,&quot;bSlotsCheckbox&quot;:true,&quot;bSlots&quot;:30,&quot;militaryTime&quot;:1,&quot;autonum&quot;:1,&quot;autonumStaff&quot;:0,&quot;fBuild&quot;:{},&quot;special_days&quot;:[],&quot;minDateTmp&quot;:&quot;0&quot;,&quot;getMinDate&quot;:{},&quot;tmpinvalidDatestime&quot;:[]},{&quot;form_identifier&quot;:&quot;&quot;,&quot;name&quot;:&quot;fieldname8&quot;,&quot;shortlabel&quot;:&quot;&quot;,&quot;index&quot;:1,&quot;ftype&quot;:&quot;ftext&quot;,&quot;userhelp&quot;:&quot;&quot;,&quot;userhelpTooltip&quot;:&quot;&quot;,&quot;csslayout&quot;:&quot;&quot;,&quot;title&quot;:&quot;Nom du b\\u00e9n\\u00e9vole&quot;,&quot;predefined&quot;:&quot;&quot;,&quot;predefinedClick&quot;:false,&quot;required&quot;:false,&quot;size&quot;:&quot;medium&quot;,&quot;minlength&quot;:&quot;&quot;,&quot;maxlength&quot;:&quot;&quot;,&quot;equalTo&quot;:&quot;&quot;,&quot;fBuild&quot;:{}}],[{&quot;title&quot;:&quot;S&#039;enregistrer pour une permance&quot;,&quot;description&quot;:&quot;&quot;,&quot;formlayout&quot;:&quot;top_aligned&quot;,&quot;formtemplate&quot;:&quot;&quot;,&quot;evalequations&quot;:1,&quot;autocomplete&quot;:1,&quot;autofocus&quot;:false}]]\" \/><input type=\"hidden\" name=\"refpage_1\" id=\"refpage_1\" value=\"\"><input type=\"hidden\" name=\"cp_appbooking_pform_status\" value=\"0\" \/><input name=\"anonce\" type=\"hidden\" value=\"ea7225cd96\"\/>\r\n<div id=\"fbuilder\">\r\n    <div id=\"fbuilder_1\">\r\n        <div id=\"formheader_1\"><\/div>\r\n        <div id=\"fieldlist_1\"><\/div>\r\n    <\/div>\r\n<\/div>\r\n<div style=\"display:none\">\r\n<div id=\"cpcaptchalayer_1\" class=\"cpcaptchalayer\">\r\n <div class=\"fields\" id=\"field-c0\" style=\"display:none\">\r\n    <label><\/label>\r\n    <div class=\"dfield\"><!--addons-payment-options--><\/div>\r\n    <div class=\"clearer\"><\/div>\r\n <\/div>\r\n<!-- rcadon -->\r\n<\/div>\r\n<\/div>\r\n<div id=\"cp_subbtn_1\" class=\"cp_subbtn\">Valider<\/div>\r\n<div style=\"clear:both;\"><\/div>\r\n<\/form>\r\n<\/p>","protected":false},"excerpt":{"rendered":"<p>La liste des permanences enregistr\u00e9es : Si vous voulez vous inscrire pour une permanence faites-le sur la suite de cette page, cliquez sur une journ\u00e9e et validez l&rsquo;horaire (c&rsquo;est n\u00e9cessaire <a class=\"more-link\" href=\"https:\/\/montreuilsloir.fr\/index.php\/calendrier-des-permanences-2\/\">Lire plus &#8230;<\/a><\/p>\n","protected":false},"author":2,"featured_media":0,"parent":0,"menu_order":0,"comment_status":"closed","ping_status":"closed","template":"","meta":{"footnotes":""},"class_list":["post-3527","page","type-page","status-publish","hentry"],"_links":{"self":[{"href":"https:\/\/montreuilsloir.fr\/index.php\/wp-json\/wp\/v2\/pages\/3527","targetHints":{"allow":["GET"]}}],"collection":[{"href":"https:\/\/montreuilsloir.fr\/index.php\/wp-json\/wp\/v2\/pages"}],"about":[{"href":"https:\/\/montreuilsloir.fr\/index.php\/wp-json\/wp\/v2\/types\/page"}],"author":[{"embeddable":true,"href":"https:\/\/montreuilsloir.fr\/index.php\/wp-json\/wp\/v2\/users\/2"}],"replies":[{"embeddable":true,"href":"https:\/\/montreuilsloir.fr\/index.php\/wp-json\/wp\/v2\/comments?post=3527"}],"version-history":[{"count":12,"href":"https:\/\/montreuilsloir.fr\/index.php\/wp-json\/wp\/v2\/pages\/3527\/revisions"}],"predecessor-version":[{"id":3627,"href":"https:\/\/montreuilsloir.fr\/index.php\/wp-json\/wp\/v2\/pages\/3527\/revisions\/3627"}],"wp:attachment":[{"href":"https:\/\/montreuilsloir.fr\/index.php\/wp-json\/wp\/v2\/media?parent=3527"}],"curies":[{"name":"wp","href":"https:\/\/api.w.org\/{rel}","templated":true}]}}