{"id":1337,"date":"2020-05-23T11:02:33","date_gmt":"2020-05-23T09:02:33","guid":{"rendered":"http:\/\/montreuilsloir.fr\/?page_id=1337"},"modified":"2020-11-21T15:39:26","modified_gmt":"2020-11-21T14:39:26","slug":"quelques-conseils-pour-reserver-ses-livres-en-ligne","status":"publish","type":"page","link":"https:\/\/montreuilsloir.fr\/index.php\/quelques-conseils-pour-reserver-ses-livres-en-ligne\/","title":{"rendered":"Quelques conseils pour r\u00e9server ses livres en ligne"},"content":{"rendered":"\n<p>Nous avons cat\u00e9goris\u00e9 tous les ouvrages disponibles de la biblioth\u00e8que afin de vous permettre une recherche en fonction de vos centres d&rsquo;int\u00e9r\u00eat.<\/p>\n\n\n\n<p>Pour cela il faut rechercher sur la colonne <strong>\u00ab\u00a0Notes\u00a0\u00bb<\/strong> et saisir tout ou partie du nom de la cat\u00e9gorie qui vous int\u00e9resse, puis cliquer sur le bouton rechercher. La s\u00e9lection s&rsquo;op\u00e9rera alors automatiquement.<\/p>\n\n\n\n<p>Il est aussi possible pour les ouvrages <strong>\u00ab\u00a0Jeunesse\u00a0\u00bb <\/strong>de faire une recherche par<strong> \u00ab\u00a0Cote\u00a0\u00bb<\/strong> (voir ci-dessous).<\/p>\n\n\n\n<p>En outre, les 200 nouveaux ouvrages pr\u00eat\u00e9s par le Biliop\u00f4le ont \u00e9t\u00e9 identifi\u00e9s par le mot \u00ab\u00a0nouveaut\u00e9\u00a0\u00bb dans la colonne \u00ab\u00a0Notes\u00a0\u00bb de l&rsquo;outil de r\u00e9servation en ligne. Vous pouvez \u00e9galement filtrer cette liste en fonction de vos centres d&rsquo;int\u00e9r\u00eat en ajoutant le genre avant le mot \u00ab\u00a0nouveaut\u00e9\u00a0\u00bb par exemple \u00ab\u00a0Policier nouveaut\u00e9\u00a0\u00bb pour obtenir tous les romans policiers mis \u00e0 disposition par le Bibliop\u00f4le.<\/p>\n\n\n\n<p>Voici la liste des cat\u00e9gories disponibles tri\u00e9es en fonction des sections \u00ab\u00a0Jeunesse\u00a0\u00bb ou \u00ab\u00a0Adultes\u00a0\u00bb.<\/p>\n\n\n\n<p>[table id=2 \/]<\/p>\n\n\n\n<p>Pour les ouvrages \u00ab\u00a0jeunesse\u00a0\u00bb il est aussi possible de faire une s\u00e9lection par \u00ab\u00a0<strong>Cote\u00a0\u00bb :<\/strong> <\/p>\n\n\n\n<ul class=\"wp-block-list\"><li>Taper ABB pour les albums 0\/3 ans<\/li><li>Taper AJ pour les albums 3\/8 ans<\/li><li>Taper CJ pour les contes 3\/8 ans<\/li><li>Taper PL pour les premi\u00e8res lectures 6\/7 ans<\/li><li>Taper RJ pour les romans 8\/10 ans<\/li><li>Taper RJ2 pour les romans 11 et + ados<\/li><li>Taper BDJ pour les BD 6\/14 ans<\/li><li>Taper BDMJ pour les mangas jeunesse<\/li><\/ul>\n\n\n\n<hr class=\"wp-block-separator\"\/>\n\n\n\n<p><em><strong>Un petit truc pour reconnaitre les nouveaut\u00e9s pr\u00eat\u00e9es par le Bibliop\u00f4le, elles sont \u00e9crites en lettres majuscules.<\/strong><\/em><\/p>\n\n\n\n<p>Cliquez sur ce lien pour <a href=\"https:\/\/montreuilsloir.fr\/index.php\/bibiotheque-en-mode-drive\/\">revenir \u00e0 la page de r\u00e9servation.<\/a><\/p>\n","protected":false},"excerpt":{"rendered":"<p>Nous avons cat\u00e9goris\u00e9 tous les ouvrages disponibles de la biblioth\u00e8que afin de vous permettre une recherche en fonction de vos centres d&rsquo;int\u00e9r\u00eat. Pour cela il faut rechercher sur la colonne <a class=\"more-link\" href=\"https:\/\/montreuilsloir.fr\/index.php\/quelques-conseils-pour-reserver-ses-livres-en-ligne\/\">Lire plus &#8230;<\/a><\/p>\n","protected":false},"author":3,"featured_media":0,"parent":0,"menu_order":0,"comment_status":"closed","ping_status":"closed","template":"","meta":{"footnotes":""},"class_list":["post-1337","page","type-page","status-publish","hentry"],"_links":{"self":[{"href":"https:\/\/montreuilsloir.fr\/index.php\/wp-json\/wp\/v2\/pages\/1337","targetHints":{"allow":["GET"]}}],"collection":[{"href":"https:\/\/montreuilsloir.fr\/index.php\/wp-json\/wp\/v2\/pages"}],"about":[{"href":"https:\/\/montreuilsloir.fr\/index.php\/wp-json\/wp\/v2\/types\/page"}],"author":[{"embeddable":true,"href":"https:\/\/montreuilsloir.fr\/index.php\/wp-json\/wp\/v2\/users\/3"}],"replies":[{"embeddable":true,"href":"https:\/\/montreuilsloir.fr\/index.php\/wp-json\/wp\/v2\/comments?post=1337"}],"version-history":[{"count":16,"href":"https:\/\/montreuilsloir.fr\/index.php\/wp-json\/wp\/v2\/pages\/1337\/revisions"}],"predecessor-version":[{"id":1878,"href":"https:\/\/montreuilsloir.fr\/index.php\/wp-json\/wp\/v2\/pages\/1337\/revisions\/1878"}],"wp:attachment":[{"href":"https:\/\/montreuilsloir.fr\/index.php\/wp-json\/wp\/v2\/media?parent=1337"}],"curies":[{"name":"wp","href":"https:\/\/api.w.org\/{rel}","templated":true}]}}