{"id":115,"date":"2020-01-12T16:09:41","date_gmt":"2020-01-12T15:09:41","guid":{"rendered":"http:\/\/192.168.1.34\/wordpress\/?page_id=115"},"modified":"2024-09-26T15:40:56","modified_gmt":"2024-09-26T13:40:56","slug":"la-mairie","status":"publish","type":"page","link":"https:\/\/montreuilsloir.fr\/index.php\/la-mairie\/","title":{"rendered":"La mairie"},"content":{"rendered":"\n<p>Pour vos d\u00e9marches administratives, la mairie de  Montreuil-sur-Loir est ouverte \u00e0 l&rsquo;adresse et aux horaires figurant dans  le tableau ci-dessous.  Si vous recherchez un autre service de l&rsquo;administration,  vous pourrez le trouvez ici en consultant la <a rel=\"noreferrer noopener\" aria-label=\" (s\u2019ouvre dans un nouvel onglet)\" href=\"http:\/\/www.cartesfrance.fr\/montreuil-sur-loir-49140\/service-public-montreuil-sur-loir.html\" target=\"_blank\">liste des services publics et des administrations  de Montreuil-sur-Loir<\/a>.  Vous y trouverez les coordonn\u00e9es des principaux services publics  rattach\u00e9s \u00e0 la commune&nbsp;: Mairie, EPCI, Pr\u00e9fecture, Sous pr\u00e9fecture, PMI,  P\u00f4le Emploi, CAF, CPAM, CROUS, Commissariat, Gendarmerie, CIO, les  conseils g\u00e9n\u00e9raux et r\u00e9gionaux et tous les autres services et num\u00e9ros  utiles. <\/p>\n\n\n\n<figure class=\"wp-block-table is-style-regular\"><table><tbody><tr><td> Informations <\/td><\/tr><tr><td> Adresse <\/td><td>\n\t\t\t\t\t\t\tMairie de Montreuil-sur-Loir\t\t\t\t\t\t\t<br>4, rue de la Mairie<br>49140 Montreuil-sur-Loir\t\t\t\t\t\t<\/td><\/tr><tr><td> Horaires <br>d&rsquo;ouverture <\/td><td>Le mardi et le jeudi de 9h00 \u00e0 12h00 et de 13h00 \u00e0 17h30<br>Les 1er et 3\u00e8me samedis du mois de 9h00 \u00e0 12h00<br>Permanences des \u00e9lus sur rendez-vous : les 2\u00e8me et 4\u00e8me samedis du mois.<\/td><\/tr><tr><td> T\u00e9l\u00e9phone <\/td><td> 02 41 76 21 09<\/td><\/tr><tr><td> Num\u00e9ro de <br>fax <\/td><td> 02 41 76 62 41&nbsp;&nbsp; <\/td><\/tr><tr><td> Adresse <br>courriel <\/td><td><a href=\"mailto:mairie@montreuilsurloir.fr\" target=\"_blank\" rel=\"noreferrer noopener\">mairie@montreuilsurloir.fr<\/a><\/td><\/tr><tr><td>\n\t\t\t\t\t\t\tMaire\n\t\t\t\t\t\t<\/td><td> Philippe Cardot <em>(Mandat : 2014-2020 et 2020-2026)<\/em> <\/td><\/tr><tr><td>Nom des <br>habitants <\/td><td> Les habitants de la commune se nomment les<br> Monst\u00e9riolais et les Monst\u00e9riolaises. <\/td><\/tr><\/tbody><\/table><\/figure>\n\n\n\n<p> <br><\/p>\n","protected":false},"excerpt":{"rendered":"<p>Pour vos d\u00e9marches administratives, la mairie de Montreuil-sur-Loir est ouverte \u00e0 l&rsquo;adresse et aux horaires figurant dans le tableau ci-dessous. Si vous recherchez un autre service de l&rsquo;administration, vous pourrez <a class=\"more-link\" href=\"https:\/\/montreuilsloir.fr\/index.php\/la-mairie\/\">Lire plus &#8230;<\/a><\/p>\n","protected":false},"author":3,"featured_media":880,"parent":0,"menu_order":0,"comment_status":"closed","ping_status":"closed","template":"","meta":{"footnotes":""},"class_list":["post-115","page","type-page","status-publish","has-post-thumbnail","hentry"],"_links":{"self":[{"href":"https:\/\/montreuilsloir.fr\/index.php\/wp-json\/wp\/v2\/pages\/115","targetHints":{"allow":["GET"]}}],"collection":[{"href":"https:\/\/montreuilsloir.fr\/index.php\/wp-json\/wp\/v2\/pages"}],"about":[{"href":"https:\/\/montreuilsloir.fr\/index.php\/wp-json\/wp\/v2\/types\/page"}],"author":[{"embeddable":true,"href":"https:\/\/montreuilsloir.fr\/index.php\/wp-json\/wp\/v2\/users\/3"}],"replies":[{"embeddable":true,"href":"https:\/\/montreuilsloir.fr\/index.php\/wp-json\/wp\/v2\/comments?post=115"}],"version-history":[{"count":7,"href":"https:\/\/montreuilsloir.fr\/index.php\/wp-json\/wp\/v2\/pages\/115\/revisions"}],"predecessor-version":[{"id":3826,"href":"https:\/\/montreuilsloir.fr\/index.php\/wp-json\/wp\/v2\/pages\/115\/revisions\/3826"}],"wp:featuredmedia":[{"embeddable":true,"href":"https:\/\/montreuilsloir.fr\/index.php\/wp-json\/wp\/v2\/media\/880"}],"wp:attachment":[{"href":"https:\/\/montreuilsloir.fr\/index.php\/wp-json\/wp\/v2\/media?parent=115"}],"curies":[{"name":"wp","href":"https:\/\/api.w.org\/{rel}","templated":true}]}}