{"id":1035,"date":"2020-04-14T14:06:53","date_gmt":"2020-04-14T12:06:53","guid":{"rendered":"http:\/\/montreuilsloir.fr\/?page_id=1035"},"modified":"2024-02-15T14:52:21","modified_gmt":"2024-02-15T13:52:21","slug":"association-entraide-informatique","status":"publish","type":"page","link":"https:\/\/montreuilsloir.fr\/index.php\/association-entraide-informatique\/","title":{"rendered":"Association \u00ab\u00a0Entraide informatique\u00a0\u00bb"},"content":{"rendered":"\n<p><\/p>\n\n\n\n<p><em>\u00ab&nbsp;<\/em><em>L\u2019association \u00ab&nbsp;<strong>Entraide Informatique<\/strong>&nbsp;\u00bb, toujours pr\u00e9sente dans la commune, continue ses s\u00e9ances hebdomadaires du&nbsp;<strong>mercredi \u00e0 18 heures<\/strong>, dans la salle communale de la mairie.<\/em><\/p>\n\n\n\n<p><em>L\u2019association s\u2019adapte aux nouveaut\u00e9s num\u00e9riques et informatiques qui ne cessent d\u2019\u00e9voluer, que ce soit avec l\u2019ordinateur, le smartphone, ou la tablette. Tous les sujets sont \u00e9voqu\u00e9s (fonctions, mails, internet, achats, administrations, etc..) tout en restant dans le principe de l\u2019entraide.<\/em><\/p>\n\n\n\n<p><em>Afin de r\u00e9pondre au mieux aux personnes d\u00e9sireuses d\u2019\u00eatre aid\u00e9es un peu plus, l\u2019association met en place des&nbsp;<strong>cr\u00e9neaux horaires suppl\u00e9mentaires, les lundis et\/ou vendredis \u00e0 10 h 30<\/strong>&nbsp;pour une aide quasi-individuelle.<\/em><\/p>\n\n\n\n<p><em>N\u2019h\u00e9sitez pas \u00e0 prendre contact, pour toutes questions ou renseignements, ou \u00e0 venir sur place.<\/em><\/p>\n\n\n\n<p><em>Fran\u00e7oise Brillaud, 06 15 94 82 14 ou \u00ab&nbsp;<a href=\"mailto:francoise.brillaud@gmail.com\" target=\"_blank\" rel=\"noreferrer noopener\">francoise.brillaud@gmail.com<\/a>&nbsp;\u00bb<\/em><\/p>\n\n\n\n<figure class=\"wp-block-image size-full\"><img loading=\"lazy\" decoding=\"async\" width=\"327\" height=\"208\" src=\"https:\/\/montreuilsloir.fr\/wp-content\/uploads\/2024\/02\/image002.jpg\" alt=\"\" class=\"wp-image-3658\" srcset=\"https:\/\/montreuilsloir.fr\/wp-content\/uploads\/2024\/02\/image002.jpg 327w, https:\/\/montreuilsloir.fr\/wp-content\/uploads\/2024\/02\/image002-300x191.jpg 300w\" sizes=\"auto, (max-width: 327px) 100vw, 327px\" \/><\/figure>\n\n\n\n<p><\/p>\n","protected":false},"excerpt":{"rendered":"<p>\u00ab&nbsp;L\u2019association \u00ab&nbsp;Entraide Informatique&nbsp;\u00bb, toujours pr\u00e9sente dans la commune, continue ses s\u00e9ances hebdomadaires du&nbsp;mercredi \u00e0 18 heures, dans la salle communale de la mairie. L\u2019association s\u2019adapte aux nouveaut\u00e9s num\u00e9riques et informatiques <a class=\"more-link\" href=\"https:\/\/montreuilsloir.fr\/index.php\/association-entraide-informatique\/\">Lire plus &#8230;<\/a><\/p>\n","protected":false},"author":2,"featured_media":0,"parent":0,"menu_order":0,"comment_status":"closed","ping_status":"closed","template":"","meta":{"footnotes":""},"class_list":["post-1035","page","type-page","status-publish","hentry"],"_links":{"self":[{"href":"https:\/\/montreuilsloir.fr\/index.php\/wp-json\/wp\/v2\/pages\/1035","targetHints":{"allow":["GET"]}}],"collection":[{"href":"https:\/\/montreuilsloir.fr\/index.php\/wp-json\/wp\/v2\/pages"}],"about":[{"href":"https:\/\/montreuilsloir.fr\/index.php\/wp-json\/wp\/v2\/types\/page"}],"author":[{"embeddable":true,"href":"https:\/\/montreuilsloir.fr\/index.php\/wp-json\/wp\/v2\/users\/2"}],"replies":[{"embeddable":true,"href":"https:\/\/montreuilsloir.fr\/index.php\/wp-json\/wp\/v2\/comments?post=1035"}],"version-history":[{"count":7,"href":"https:\/\/montreuilsloir.fr\/index.php\/wp-json\/wp\/v2\/pages\/1035\/revisions"}],"predecessor-version":[{"id":3659,"href":"https:\/\/montreuilsloir.fr\/index.php\/wp-json\/wp\/v2\/pages\/1035\/revisions\/3659"}],"wp:attachment":[{"href":"https:\/\/montreuilsloir.fr\/index.php\/wp-json\/wp\/v2\/media?parent=1035"}],"curies":[{"name":"wp","href":"https:\/\/api.w.org\/{rel}","templated":true}]}}